{"id":187,"date":"2017-05-26T15:59:16","date_gmt":"2017-05-26T13:59:16","guid":{"rendered":"http:\/\/www.fulbright.cz\/en\/?page_id=187"},"modified":"2025-09-30T15:53:36","modified_gmt":"2025-09-30T13:53:36","slug":"our-team","status":"publish","type":"page","link":"https:\/\/fulbright.gov.cz\/en\/who-we-are\/our-team\/","title":{"rendered":"Our Team"},"content":{"rendered":"<h4>Our Team<\/h4>\n<p><a href=\"https:\/\/fulbright.gov.cz\/en\/wp-content\/uploads\/sites\/3\/2025\/09\/tym-na-web.jpg\"><img loading=\"lazy\" class=\"alignleft size-medium wp-image-2477\" src=\"https:\/\/fulbright.gov.cz\/en\/wp-content\/uploads\/sites\/3\/2025\/09\/tym-na-web-300x200.jpg\" alt=\"\" width=\"300\" height=\"200\" srcset=\"https:\/\/fulbright.gov.cz\/en\/wp-content\/uploads\/sites\/3\/2025\/09\/tym-na-web-300x200.jpg 300w, https:\/\/fulbright.gov.cz\/en\/wp-content\/uploads\/sites\/3\/2025\/09\/tym-na-web-768x512.jpg 768w, https:\/\/fulbright.gov.cz\/en\/wp-content\/uploads\/sites\/3\/2025\/09\/tym-na-web.jpg 816w\" sizes=\"(max-width: 300px) 100vw, 300px\" \/><\/a><\/p>\n<h4>Executive Director<\/h4>\n<p><a href=\"https:\/\/fulbright.gov.cz\/en\/wp-content\/uploads\/sites\/3\/2025\/09\/Fulbright_23_09_25_054.jpg\"><img loading=\"lazy\" class=\"alignleft size-medium wp-image-2478\" src=\"https:\/\/fulbright.gov.cz\/en\/wp-content\/uploads\/sites\/3\/2025\/09\/Fulbright_23_09_25_054-200x300.jpg\" alt=\"\" width=\"200\" height=\"300\" srcset=\"https:\/\/fulbright.gov.cz\/en\/wp-content\/uploads\/sites\/3\/2025\/09\/Fulbright_23_09_25_054-200x300.jpg 200w, https:\/\/fulbright.gov.cz\/en\/wp-content\/uploads\/sites\/3\/2025\/09\/Fulbright_23_09_25_054.jpg 272w\" sizes=\"(max-width: 200px) 100vw, 200px\" \/><\/a><br \/>\n<strong>Jana Sehn\u00e1lkov\u00e1<\/strong><br \/>\n<u><a href=\"mailto:sehnalkova@fulbright.gov.cz\" target=\"_blank\" rel=\"noopener\">sehnalkova@fulbright.gov.cz<\/a><\/u><\/p>\n<h4>Program Officers<\/h4>\n<p><a href=\"https:\/\/fulbright.gov.cz\/en\/wp-content\/uploads\/sites\/3\/2025\/09\/kristyna-na-web.jpg\"><img loading=\"lazy\" class=\"alignleft size-medium wp-image-2479\" src=\"https:\/\/fulbright.gov.cz\/en\/wp-content\/uploads\/sites\/3\/2025\/09\/kristyna-na-web-200x300.jpg\" alt=\"\" width=\"200\" height=\"300\" srcset=\"https:\/\/fulbright.gov.cz\/en\/wp-content\/uploads\/sites\/3\/2025\/09\/kristyna-na-web-200x300.jpg 200w, https:\/\/fulbright.gov.cz\/en\/wp-content\/uploads\/sites\/3\/2025\/09\/kristyna-na-web.jpg 272w\" sizes=\"(max-width: 200px) 100vw, 200px\" \/><\/a><br \/>\n<strong>Krist\u00fdna D\u017emur\u00e1\u0148ov\u00e1<\/strong><br \/>\nEnglish Teaching Assistants Coordinator, Advising<br \/>\n<a href=\"mailto:dzmuranova@fulbright.gov.cz\" target=\"_blank\" rel=\"noopener\">dzmuranova@fulbright.gov.cz<\/a><\/p>\n<p><a href=\"https:\/\/fulbright.gov.cz\/en\/wp-content\/uploads\/sites\/3\/2025\/09\/kterina-na-web.jpg\"><img loading=\"lazy\" class=\"alignleft size-medium wp-image-2480\" src=\"https:\/\/fulbright.gov.cz\/en\/wp-content\/uploads\/sites\/3\/2025\/09\/kterina-na-web-200x300.jpg\" alt=\"\" width=\"200\" height=\"300\" srcset=\"https:\/\/fulbright.gov.cz\/en\/wp-content\/uploads\/sites\/3\/2025\/09\/kterina-na-web-200x300.jpg 200w, https:\/\/fulbright.gov.cz\/en\/wp-content\/uploads\/sites\/3\/2025\/09\/kterina-na-web.jpg 272w\" sizes=\"(max-width: 200px) 100vw, 200px\" \/><\/a><br \/>\n<strong>Kate\u0159ina Kloubov\u00e1<\/strong><br \/>\nProgram Officer for Czech and US Scholars Programs, Fulbright Specialist, Inter-Country Travel, Advising<br \/>\n<a href=\"mailto:kloubova@fulbright.gov.cz\" target=\"_blank\" rel=\"noopener\">kloubova@fulbright.gov.cz<\/a><\/p>\n<p><a href=\"https:\/\/fulbright.gov.cz\/en\/wp-content\/uploads\/sites\/3\/2025\/09\/andrea-na-web.jpg\"><img loading=\"lazy\" class=\"alignleft size-medium wp-image-2481\" src=\"https:\/\/fulbright.gov.cz\/en\/wp-content\/uploads\/sites\/3\/2025\/09\/andrea-na-web-200x300.jpg\" alt=\"\" width=\"200\" height=\"300\" srcset=\"https:\/\/fulbright.gov.cz\/en\/wp-content\/uploads\/sites\/3\/2025\/09\/andrea-na-web-200x300.jpg 200w, https:\/\/fulbright.gov.cz\/en\/wp-content\/uploads\/sites\/3\/2025\/09\/andrea-na-web.jpg 272w\" sizes=\"(max-width: 200px) 100vw, 200px\" \/><\/a><br \/>\n<strong>Andrea Semancov\u00e1<\/strong><br \/>\nDeputy Director, Program Officer for Czech and US Student Programs, Summer Programs, Fulbright-Masaryk for NGO, Advising<br \/>\n<a href=\"mailto:semancova@fulbright.gov.cz\" target=\"_blank\" rel=\"noopener\">semancova@fulbright.gov.cz<\/a><\/p>\n<h4>Office Manager, Library<\/h4>\n<p><a href=\"https:\/\/fulbright.gov.cz\/en\/wp-content\/uploads\/sites\/3\/2025\/09\/zuzana-na-web.jpg\"><img loading=\"lazy\" class=\"alignleft size-medium wp-image-2482\" src=\"https:\/\/fulbright.gov.cz\/en\/wp-content\/uploads\/sites\/3\/2025\/09\/zuzana-na-web-200x300.jpg\" alt=\"\" width=\"200\" height=\"300\" srcset=\"https:\/\/fulbright.gov.cz\/en\/wp-content\/uploads\/sites\/3\/2025\/09\/zuzana-na-web-200x300.jpg 200w, https:\/\/fulbright.gov.cz\/en\/wp-content\/uploads\/sites\/3\/2025\/09\/zuzana-na-web.jpg 272w\" sizes=\"(max-width: 200px) 100vw, 200px\" \/><\/a><br \/>\n<strong>Zuzana Voto\u010dkov\u00e1<\/strong><br \/>\n<a href=\"mailto:votockova@fulbright.gov.cz\" target=\"_blank\" rel=\"noopener\">votockova@fulbright.gov.cz<\/a><\/p>\n<h4>Finance Manager<\/h4>\n<p><a href=\"https:\/\/fulbright.gov.cz\/en\/wp-content\/uploads\/sites\/3\/2025\/09\/kamila-na-web.jpg\"><img loading=\"lazy\" class=\"alignleft size-medium wp-image-2483\" src=\"https:\/\/fulbright.gov.cz\/en\/wp-content\/uploads\/sites\/3\/2025\/09\/kamila-na-web-200x300.jpg\" alt=\"\" width=\"200\" height=\"300\" srcset=\"https:\/\/fulbright.gov.cz\/en\/wp-content\/uploads\/sites\/3\/2025\/09\/kamila-na-web-200x300.jpg 200w, https:\/\/fulbright.gov.cz\/en\/wp-content\/uploads\/sites\/3\/2025\/09\/kamila-na-web.jpg 272w\" sizes=\"(max-width: 200px) 100vw, 200px\" \/><\/a><\/p>\n<p><strong>Kamila \u0160kodov\u00e1<\/strong><br \/>\n<a href=\"mailto:skodova@fulbright.gov.cz\" target=\"_blank\" rel=\"noopener\">skodova@fulbright.gov.cz<\/a><\/p>\n<h4>IT<\/h4>\n<p><strong>Ond\u0159ej Tich\u00fd<\/strong><br \/>\n<a href=\"mailto:tichy@fulbright.gov.cz\" target=\"_blank\" rel=\"noopener\">tichy@fulbright.gov.cz<\/a><\/p>\n<p><strong>Foto: Marie Hejl Brousilov\u00e1 https:\/\/www.maynka.cz\/<\/strong><\/p>\n","protected":false},"excerpt":{"rendered":"<p>Our Team Executive Director Jana Sehn\u00e1lkov\u00e1 sehnalkova@fulbright.gov.cz Program Officers Krist\u00fdna D\u017emur\u00e1\u0148ov\u00e1 English Teaching Assistants Coordinator, Advising dzmuranova@fulbright.gov.cz Kate\u0159ina Kloubov\u00e1 Program Officer for Czech and US Scholars Programs, Fulbright Specialist, Inter-Country Travel, Advising kloubova@fulbright.gov.cz Andrea Semancov\u00e1 Deputy Director, Program Officer for Czech and US Student Programs,<\/p>\n","protected":false},"author":1,"featured_media":0,"parent":182,"menu_order":1,"comment_status":"closed","ping_status":"closed","template":"page-child.php","meta":[],"yoast_head":"<!-- This site is optimized with the Yoast SEO plugin v18.3 - https:\/\/yoast.com\/wordpress\/plugins\/seo\/ -->\n<title>Our Team - Fulbright Commission<\/title>\n<meta name=\"robots\" content=\"index, follow, max-snippet:-1, max-image-preview:large, max-video-preview:-1\" \/>\n<link rel=\"canonical\" href=\"https:\/\/fulbright.gov.cz\/en\/who-we-are\/our-team\/\" \/>\n<meta property=\"og:locale\" content=\"en_US\" \/>\n<meta property=\"og:type\" content=\"article\" \/>\n<meta property=\"og:title\" content=\"Our Team - Fulbright Commission\" \/>\n<meta property=\"og:description\" content=\"Our Team Executive Director Jana Sehn\u00e1lkov\u00e1 sehnalkova@fulbright.gov.cz Program Officers Krist\u00fdna D\u017emur\u00e1\u0148ov\u00e1 English Teaching Assistants Coordinator, Advising dzmuranova@fulbright.gov.cz Kate\u0159ina Kloubov\u00e1 Program Officer for Czech and US Scholars Programs, Fulbright Specialist, Inter-Country Travel, Advising kloubova@fulbright.gov.cz Andrea Semancov\u00e1 Deputy Director, Program Officer for Czech and US Student Programs,\" \/>\n<meta property=\"og:url\" content=\"https:\/\/fulbright.gov.cz\/en\/who-we-are\/our-team\/\" \/>\n<meta property=\"og:site_name\" content=\"Fulbright Commission\" \/>\n<meta property=\"article:modified_time\" content=\"2025-09-30T13:53:36+00:00\" \/>\n<meta property=\"og:image\" content=\"https:\/\/fulbright.gov.cz\/en\/wp-content\/uploads\/sites\/3\/2025\/09\/tym-na-web-300x200.jpg\" \/>\n<meta name=\"twitter:card\" content=\"summary\" \/>\n<meta name=\"twitter:label1\" content=\"Est. reading time\" \/>\n\t<meta name=\"twitter:data1\" content=\"2 minutes\" \/>\n<script type=\"application\/ld+json\" class=\"yoast-schema-graph\">{\"@context\":\"https:\/\/schema.org\",\"@graph\":[{\"@type\":\"WebSite\",\"@id\":\"https:\/\/fulbright.gov.cz\/en\/#website\",\"url\":\"https:\/\/fulbright.gov.cz\/en\/\",\"name\":\"Fulbright Commission\",\"description\":\"Czech-American educational exchanges\",\"potentialAction\":[{\"@type\":\"SearchAction\",\"target\":{\"@type\":\"EntryPoint\",\"urlTemplate\":\"https:\/\/fulbright.gov.cz\/en\/?s={search_term_string}\"},\"query-input\":\"required name=search_term_string\"}],\"inLanguage\":\"en-US\"},{\"@type\":\"ImageObject\",\"@id\":\"https:\/\/fulbright.gov.cz\/en\/who-we-are\/our-team\/#primaryimage\",\"inLanguage\":\"en-US\",\"url\":\"https:\/\/fulbright.gov.cz\/en\/wp-content\/uploads\/sites\/3\/2025\/09\/tym-na-web.jpg\",\"contentUrl\":\"https:\/\/fulbright.gov.cz\/en\/wp-content\/uploads\/sites\/3\/2025\/09\/tym-na-web.jpg\",\"width\":816,\"height\":544},{\"@type\":\"WebPage\",\"@id\":\"https:\/\/fulbright.gov.cz\/en\/who-we-are\/our-team\/#webpage\",\"url\":\"https:\/\/fulbright.gov.cz\/en\/who-we-are\/our-team\/\",\"name\":\"Our Team - Fulbright Commission\",\"isPartOf\":{\"@id\":\"https:\/\/fulbright.gov.cz\/en\/#website\"},\"primaryImageOfPage\":{\"@id\":\"https:\/\/fulbright.gov.cz\/en\/who-we-are\/our-team\/#primaryimage\"},\"datePublished\":\"2017-05-26T13:59:16+00:00\",\"dateModified\":\"2025-09-30T13:53:36+00:00\",\"breadcrumb\":{\"@id\":\"https:\/\/fulbright.gov.cz\/en\/who-we-are\/our-team\/#breadcrumb\"},\"inLanguage\":\"en-US\",\"potentialAction\":[{\"@type\":\"ReadAction\",\"target\":[\"https:\/\/fulbright.gov.cz\/en\/who-we-are\/our-team\/\"]}]},{\"@type\":\"BreadcrumbList\",\"@id\":\"https:\/\/fulbright.gov.cz\/en\/who-we-are\/our-team\/#breadcrumb\",\"itemListElement\":[{\"@type\":\"ListItem\",\"position\":1,\"name\":\"Home\",\"item\":\"https:\/\/fulbright.gov.cz\/en\/\"},{\"@type\":\"ListItem\",\"position\":2,\"name\":\"Who We Are\",\"item\":\"https:\/\/fulbright.gov.cz\/en\/who-we-are\/\"},{\"@type\":\"ListItem\",\"position\":3,\"name\":\"Our Team\"}]}]}<\/script>\n<!-- \/ Yoast SEO plugin. -->","yoast_head_json":{"title":"Our Team - Fulbright Commission","robots":{"index":"index","follow":"follow","max-snippet":"max-snippet:-1","max-image-preview":"max-image-preview:large","max-video-preview":"max-video-preview:-1"},"canonical":"https:\/\/fulbright.gov.cz\/en\/who-we-are\/our-team\/","og_locale":"en_US","og_type":"article","og_title":"Our Team - Fulbright Commission","og_description":"Our Team Executive Director Jana Sehn\u00e1lkov\u00e1 sehnalkova@fulbright.gov.cz Program Officers Krist\u00fdna D\u017emur\u00e1\u0148ov\u00e1 English Teaching Assistants Coordinator, Advising dzmuranova@fulbright.gov.cz Kate\u0159ina Kloubov\u00e1 Program Officer for Czech and US Scholars Programs, Fulbright Specialist, Inter-Country Travel, Advising kloubova@fulbright.gov.cz Andrea Semancov\u00e1 Deputy Director, Program Officer for Czech and US Student Programs,","og_url":"https:\/\/fulbright.gov.cz\/en\/who-we-are\/our-team\/","og_site_name":"Fulbright Commission","article_modified_time":"2025-09-30T13:53:36+00:00","og_image":[{"url":"https:\/\/fulbright.gov.cz\/en\/wp-content\/uploads\/sites\/3\/2025\/09\/tym-na-web-300x200.jpg"}],"twitter_card":"summary","twitter_misc":{"Est. reading time":"2 minutes"},"schema":{"@context":"https:\/\/schema.org","@graph":[{"@type":"WebSite","@id":"https:\/\/fulbright.gov.cz\/en\/#website","url":"https:\/\/fulbright.gov.cz\/en\/","name":"Fulbright Commission","description":"Czech-American educational exchanges","potentialAction":[{"@type":"SearchAction","target":{"@type":"EntryPoint","urlTemplate":"https:\/\/fulbright.gov.cz\/en\/?s={search_term_string}"},"query-input":"required name=search_term_string"}],"inLanguage":"en-US"},{"@type":"ImageObject","@id":"https:\/\/fulbright.gov.cz\/en\/who-we-are\/our-team\/#primaryimage","inLanguage":"en-US","url":"https:\/\/fulbright.gov.cz\/en\/wp-content\/uploads\/sites\/3\/2025\/09\/tym-na-web.jpg","contentUrl":"https:\/\/fulbright.gov.cz\/en\/wp-content\/uploads\/sites\/3\/2025\/09\/tym-na-web.jpg","width":816,"height":544},{"@type":"WebPage","@id":"https:\/\/fulbright.gov.cz\/en\/who-we-are\/our-team\/#webpage","url":"https:\/\/fulbright.gov.cz\/en\/who-we-are\/our-team\/","name":"Our Team - Fulbright Commission","isPartOf":{"@id":"https:\/\/fulbright.gov.cz\/en\/#website"},"primaryImageOfPage":{"@id":"https:\/\/fulbright.gov.cz\/en\/who-we-are\/our-team\/#primaryimage"},"datePublished":"2017-05-26T13:59:16+00:00","dateModified":"2025-09-30T13:53:36+00:00","breadcrumb":{"@id":"https:\/\/fulbright.gov.cz\/en\/who-we-are\/our-team\/#breadcrumb"},"inLanguage":"en-US","potentialAction":[{"@type":"ReadAction","target":["https:\/\/fulbright.gov.cz\/en\/who-we-are\/our-team\/"]}]},{"@type":"BreadcrumbList","@id":"https:\/\/fulbright.gov.cz\/en\/who-we-are\/our-team\/#breadcrumb","itemListElement":[{"@type":"ListItem","position":1,"name":"Home","item":"https:\/\/fulbright.gov.cz\/en\/"},{"@type":"ListItem","position":2,"name":"Who We Are","item":"https:\/\/fulbright.gov.cz\/en\/who-we-are\/"},{"@type":"ListItem","position":3,"name":"Our Team"}]}]}},"acf":[],"_links":{"self":[{"href":"https:\/\/fulbright.gov.cz\/en\/wp-json\/wp\/v2\/pages\/187"}],"collection":[{"href":"https:\/\/fulbright.gov.cz\/en\/wp-json\/wp\/v2\/pages"}],"about":[{"href":"https:\/\/fulbright.gov.cz\/en\/wp-json\/wp\/v2\/types\/page"}],"author":[{"embeddable":true,"href":"https:\/\/fulbright.gov.cz\/en\/wp-json\/wp\/v2\/users\/1"}],"replies":[{"embeddable":true,"href":"https:\/\/fulbright.gov.cz\/en\/wp-json\/wp\/v2\/comments?post=187"}],"version-history":[{"count":35,"href":"https:\/\/fulbright.gov.cz\/en\/wp-json\/wp\/v2\/pages\/187\/revisions"}],"predecessor-version":[{"id":2487,"href":"https:\/\/fulbright.gov.cz\/en\/wp-json\/wp\/v2\/pages\/187\/revisions\/2487"}],"up":[{"embeddable":true,"href":"https:\/\/fulbright.gov.cz\/en\/wp-json\/wp\/v2\/pages\/182"}],"wp:attachment":[{"href":"https:\/\/fulbright.gov.cz\/en\/wp-json\/wp\/v2\/media?parent=187"}],"curies":[{"name":"wp","href":"https:\/\/api.w.org\/{rel}","templated":true}]}}